{"id":6195,"date":"2020-09-30T13:29:21","date_gmt":"2020-09-30T11:29:21","guid":{"rendered":"https:\/\/aufbau.website-preview.org\/?page_id=6195"},"modified":"2025-08-22T12:53:41","modified_gmt":"2025-08-22T10:53:41","slug":"impressum","status":"publish","type":"page","link":"https:\/\/foeckersperger.com\/es\/impressum\/","title":{"rendered":"Impressum"},"content":{"rendered":"\t\t<div data-elementor-type=\"wp-page\" data-elementor-id=\"6195\" class=\"elementor elementor-6195\" data-elementor-post-type=\"page\">\n\t\t\t\t\t\t<section class=\"elementor-section elementor-top-section elementor-element elementor-element-1f81c049 elementor-section-height-min-height elementor-section-content-middle elementor-section-boxed elementor-section-height-default elementor-section-items-middle\" data-id=\"1f81c049\" data-element_type=\"section\" data-e-type=\"section\" data-settings=\"{&quot;background_background&quot;:&quot;classic&quot;}\">\n\t\t\t\t\t\t\t<div class=\"elementor-background-overlay\"><\/div>\n\t\t\t\t\t\t\t<div class=\"elementor-container elementor-column-gap-default\">\n\t\t\t\t\t<div class=\"elementor-column elementor-col-100 elementor-top-column elementor-element elementor-element-6d63ff8a\" data-id=\"6d63ff8a\" data-element_type=\"column\" data-e-type=\"column\">\n\t\t\t<div class=\"elementor-widget-wrap\">\n\t\t\t\t\t\t\t<\/div>\n\t\t<\/div>\n\t\t\t\t\t<\/div>\n\t\t<\/section>\n\t\t\t\t<section class=\"elementor-section elementor-top-section elementor-element elementor-element-11fe2aae elementor-section-boxed elementor-section-height-default elementor-section-height-default\" data-id=\"11fe2aae\" data-element_type=\"section\" data-e-type=\"section\" data-settings=\"{&quot;background_background&quot;:&quot;classic&quot;}\">\n\t\t\t\t\t\t<div class=\"elementor-container elementor-column-gap-default\">\n\t\t\t\t\t<div class=\"elementor-column elementor-col-100 elementor-top-column elementor-element elementor-element-1d1da242\" data-id=\"1d1da242\" data-element_type=\"column\" data-e-type=\"column\">\n\t\t\t<div class=\"elementor-widget-wrap elementor-element-populated\">\n\t\t\t\t\t\t<div class=\"elementor-element elementor-element-61c21c9 elementor-widget elementor-widget-heading\" data-id=\"61c21c9\" data-element_type=\"widget\" data-e-type=\"widget\" data-widget_type=\"heading.default\">\n\t\t\t\t<div class=\"elementor-widget-container\">\n\t\t\t\t\t<h1 class=\"elementor-heading-title elementor-size-xl\">Aviso legal<\/h1>\t\t\t\t<\/div>\n\t\t\t\t<\/div>\n\t\t\t\t\t<\/div>\n\t\t<\/div>\n\t\t\t\t\t<\/div>\n\t\t<\/section>\n\t\t\t\t<section class=\"elementor-section elementor-top-section elementor-element elementor-element-2ce77c8 elementor-section-boxed elementor-section-height-default elementor-section-height-default\" data-id=\"2ce77c8\" data-element_type=\"section\" data-e-type=\"section\" data-settings=\"{&quot;background_background&quot;:&quot;classic&quot;}\">\n\t\t\t\t\t\t<div class=\"elementor-container elementor-column-gap-default\">\n\t\t\t\t\t<div class=\"elementor-column elementor-col-100 elementor-top-column elementor-element elementor-element-caa233e\" data-id=\"caa233e\" data-element_type=\"column\" data-e-type=\"column\">\n\t\t\t<div class=\"elementor-widget-wrap elementor-element-populated\">\n\t\t\t\t\t\t<section class=\"elementor-section elementor-inner-section elementor-element elementor-element-ef8d6a1 elementor-section-boxed elementor-section-height-default elementor-section-height-default\" data-id=\"ef8d6a1\" data-element_type=\"section\" data-e-type=\"section\" data-settings=\"{&quot;background_background&quot;:&quot;classic&quot;}\">\n\t\t\t\t\t\t<div class=\"elementor-container elementor-column-gap-default\">\n\t\t\t\t\t<div class=\"elementor-column elementor-col-100 elementor-inner-column elementor-element elementor-element-5c5b5ef\" data-id=\"5c5b5ef\" data-element_type=\"column\" data-e-type=\"column\">\n\t\t\t<div class=\"elementor-widget-wrap elementor-element-populated\">\n\t\t\t\t\t\t<div class=\"elementor-element elementor-element-99abc25 elementor-widget elementor-widget-text-editor\" data-id=\"99abc25\" data-element_type=\"widget\" data-e-type=\"widget\" data-widget_type=\"text-editor.default\">\n\t\t\t\t<div class=\"elementor-widget-container\">\n\t\t\t\t\t\t\t\t\t<h2>F\u00f6ckersperger Maschinen GmbH<\/h2>\t\t\t\t\t\t\t\t<\/div>\n\t\t\t\t<\/div>\n\t\t\t\t\t<\/div>\n\t\t<\/div>\n\t\t\t\t\t<\/div>\n\t\t<\/section>\n\t\t\t\t<section class=\"elementor-section elementor-inner-section elementor-element elementor-element-aca622d elementor-section-boxed elementor-section-height-default elementor-section-height-default\" data-id=\"aca622d\" data-element_type=\"section\" data-e-type=\"section\" data-settings=\"{&quot;background_background&quot;:&quot;classic&quot;}\">\n\t\t\t\t\t\t<div class=\"elementor-container elementor-column-gap-default\">\n\t\t\t\t\t<div class=\"elementor-column elementor-col-100 elementor-inner-column elementor-element elementor-element-8c2d077\" data-id=\"8c2d077\" data-element_type=\"column\" data-e-type=\"column\">\n\t\t\t<div class=\"elementor-widget-wrap elementor-element-populated\">\n\t\t\t\t\t\t<div class=\"elementor-element elementor-element-8299854 elementor-widget elementor-widget-wp-widget-text\" data-id=\"8299854\" data-element_type=\"widget\" data-e-type=\"widget\" data-widget_type=\"wp-widget-text.default\">\n\t\t\t\t<div class=\"elementor-widget-container\">\n\t\t\t\t\t\t\t\t<div class=\"textwidget\"><p>F\u00f6ckersperger Maschinen GmbH<br \/>\nWirtsh\u00f6he 2<br \/>\nD -91086 Aurachtal \u2013 M\u00fcnchaurach<br \/>\nTel.: +49 (0)9132 7844-50<br \/>\nFax: +49 (0)9132 7844-99<br \/>\nMail: <a href=\"mailto:info@foeckersperger.com\">info@foeckersperger.com<\/a><\/p>\n<p>Gerente: Frank F\u00f6ckersperger<br \/>\nNIF-IVA: DE 258 645 810<br \/>\nRegistro Mercantil de F\u00fcrth: HRB 11337<\/p>\n<p>&nbsp;<\/p>\n<h3>Exenci\u00f3n de responsabilidad<\/h3>\n<p><strong>1. Contenido de la oferta en l\u00ednea<\/strong><\/p>\n<p>El autor no asume ninguna responsabilidad por la actualidad, exactitud, integridad o calidad de la informaci\u00f3n proporcionada. Quedan fundamentalmente excluidas las reclamaciones de responsabilidad contra el autor por da\u00f1os materiales o inmateriales causados por el uso o no uso de la informaci\u00f3n proporcionada y\/o por el uso de informaci\u00f3n incorrecta o incompleta, a menos que se demuestre que el autor ha actuado con dolo o negligencia grave.<\/p>\n<p>Todas las ofertas son sin compromiso y no vinculantes. El autor se reserva expresamente el derecho a modificar, completar o eliminar partes de las p\u00e1ginas o la oferta completa sin previo aviso, as\u00ed como a suspender la publicaci\u00f3n de forma temporal o definitiva.<\/p>\n<p><strong>2. Referencias y enlaces<\/strong><\/p>\n<p>En el caso de referencias directas o indirectas a p\u00e1ginas web de terceros (\u00abenlaces\u00bb) que se encuentren fuera del \u00e1mbito de responsabilidad del autor, solo se aplicar\u00eda una responsabilidad en el caso de que el autor tuviera conocimiento de los contenidos y le fuera t\u00e9cnicamente posible y razonable impedir su uso en caso de que los contenidos fueran ilegales.<\/p>\n<p>Por lo tanto, el autor declara expresamente que, en el momento de crear los enlaces, las p\u00e1ginas enlazadas no conten\u00edan contenidos ilegales. El autor no tiene ninguna influencia sobre el dise\u00f1o actual y futuro ni sobre los contenidos de las p\u00e1ginas enlazadas\/vinculadas. Por lo tanto, se distancia expresamente de todos los contenidos de todas las p\u00e1ginas enlazadas\/vinculadas que hayan sido modificadas despu\u00e9s de la creaci\u00f3n del enlace. Esta declaraci\u00f3n se aplica a todos los enlaces y referencias incluidos en nuestra propia oferta de Internet, as\u00ed como a las entradas de terceros en los libros de visitas, foros de discusi\u00f3n y listas de correo creados por el autor. El proveedor de la p\u00e1gina a la que se hace referencia es el \u00fanico responsable de los contenidos ilegales, err\u00f3neos o incompletos y, en particular, de los da\u00f1os que se deriven del uso o no uso de la informaci\u00f3n presentada de este modo, y no quien simplemente remite a la publicaci\u00f3n correspondiente a trav\u00e9s de enlaces.<\/p>\n<p><strong>3. Derechos de autor y de marca<\/strong><\/p>\n<p>El autor se esfuerza por respetar en todas las publicaciones los derechos de autor de los gr\u00e1ficos, documentos de audio, secuencias de v\u00eddeo y textos utilizados, por utilizar gr\u00e1ficos, documentos de audio, secuencias de v\u00eddeo y textos creados por \u00e9l mismo o por recurrir a gr\u00e1ficos, documentos de audio, secuencias de v\u00eddeo y textos libres de derechos.<\/p>\n<p>Todas las marcas y marcas registradas mencionadas en la oferta de Internet y, en su caso, protegidas por terceros, est\u00e1n sujetas sin restricciones a las disposiciones del derecho de marcas vigente y los derechos de propiedad de los propietarios registrados correspondientes. \u00a1La mera menci\u00f3n de una marca no implica que esta no est\u00e9 protegida por derechos de terceros!<\/p>\n<p>Los derechos de autor de los objetos publicados y creados por el autor pertenecen exclusivamente al autor de las p\u00e1ginas. Queda prohibida la reproducci\u00f3n o el uso de dichos gr\u00e1ficos, documentos de audio, secuencias de v\u00eddeo y textos en otras publicaciones electr\u00f3nicas o impresas sin el consentimiento expreso del autor.<\/p>\n<p><strong>4. Validez legal de esta exenci\u00f3n de responsabilidad<\/strong><br \/>\nEsta exenci\u00f3n de responsabilidad debe considerarse parte integrante de la oferta de Internet desde la que se ha remitido a esta p\u00e1gina. Si alguna parte o formulaci\u00f3n individual de este texto no se ajustara, ya sea total o parcialmente, a la legislaci\u00f3n vigente, ello no afectar\u00e1 al contenido ni a la validez del resto del documento.<\/p>\n<\/div>\n\t\t\t\t\t\t<\/div>\n\t\t\t\t<\/div>\n\t\t\t\t\t<\/div>\n\t\t<\/div>\n\t\t\t\t\t<\/div>\n\t\t<\/section>\n\t\t\t\t\t<\/div>\n\t\t<\/div>\n\t\t\t\t\t<\/div>\n\t\t<\/section>\n\t\t\t\t<\/div>\n\t\t","protected":false},"excerpt":{"rendered":"<p>Aviso legal F\u00f6ckersperger Maschinen GmbH<\/p>\n","protected":false},"author":1,"featured_media":0,"parent":0,"menu_order":0,"comment_status":"closed","ping_status":"closed","template":"","meta":{"inline_featured_image":false,"footnotes":""},"class_list":["post-6195","page","type-page","status-publish","hentry"],"yoast_head":"<!-- This site is optimized with the Yoast SEO plugin v27.6 - https:\/\/yoast.com\/product\/yoast-seo-wordpress\/ -->\n<title>Impressum - Frank F\u00f6ckersperger Rohr- und Kabelpflug<\/title>\n<meta name=\"robots\" content=\"index, follow, max-snippet:-1, max-image-preview:large, max-video-preview:-1\" \/>\n<link rel=\"canonical\" href=\"https:\/\/foeckersperger.com\/es\/impressum\/\" \/>\n<meta property=\"og:locale\" content=\"de_DE\" \/>\n<meta property=\"og:type\" content=\"article\" \/>\n<meta property=\"og:title\" content=\"Impressum - Frank F\u00f6ckersperger Rohr- und Kabelpflug\" \/>\n<meta property=\"og:description\" content=\"Aviso legal F\u00f6ckersperger Maschinen GmbH\" \/>\n<meta property=\"og:url\" content=\"https:\/\/foeckersperger.com\/es\/impressum\/\" \/>\n<meta property=\"og:site_name\" content=\"Frank F\u00f6ckersperger Rohr- und Kabelpflug\" \/>\n<meta property=\"article:publisher\" content=\"https:\/\/www.facebook.com\/Kabelpflug\" \/>\n<meta property=\"article:modified_time\" content=\"2025-08-22T10:53:41+00:00\" \/>\n<meta name=\"twitter:card\" content=\"summary_large_image\" \/>\n<meta name=\"twitter:label1\" content=\"Gesch\u00e4tzte Lesezeit\" \/>\n\t<meta name=\"twitter:data1\" content=\"4\u00a0Minuten\" \/>\n<script type=\"application\/ld+json\" class=\"yoast-schema-graph\">{\"@context\":\"https:\\\/\\\/schema.org\",\"@graph\":[{\"@type\":\"WebPage\",\"@id\":\"https:\\\/\\\/foeckersperger.com\\\/es\\\/impressum\\\/\",\"url\":\"https:\\\/\\\/foeckersperger.com\\\/es\\\/impressum\\\/\",\"name\":\"Impressum - Frank F\u00f6ckersperger Rohr- und Kabelpflug\",\"isPartOf\":{\"@id\":\"https:\\\/\\\/foeckersperger.com\\\/es\\\/#website\"},\"datePublished\":\"2020-09-30T11:29:21+00:00\",\"dateModified\":\"2025-08-22T10:53:41+00:00\",\"breadcrumb\":{\"@id\":\"https:\\\/\\\/foeckersperger.com\\\/es\\\/impressum\\\/#breadcrumb\"},\"inLanguage\":\"de\",\"potentialAction\":[{\"@type\":\"ReadAction\",\"target\":[\"https:\\\/\\\/foeckersperger.com\\\/es\\\/impressum\\\/\"]}]},{\"@type\":\"BreadcrumbList\",\"@id\":\"https:\\\/\\\/foeckersperger.com\\\/es\\\/impressum\\\/#breadcrumb\",\"itemListElement\":[{\"@type\":\"ListItem\",\"position\":1,\"name\":\"Startseite\",\"item\":\"https:\\\/\\\/foeckersperger.com\\\/es\\\/\"},{\"@type\":\"ListItem\",\"position\":2,\"name\":\"Impressum\"}]},{\"@type\":\"WebSite\",\"@id\":\"https:\\\/\\\/foeckersperger.com\\\/es\\\/#website\",\"url\":\"https:\\\/\\\/foeckersperger.com\\\/es\\\/\",\"name\":\"Frank F\u00f6ckersperger Rohr- und Kabelpflug\",\"description\":\"\",\"publisher\":{\"@id\":\"https:\\\/\\\/foeckersperger.com\\\/es\\\/#organization\"},\"potentialAction\":[{\"@type\":\"SearchAction\",\"target\":{\"@type\":\"EntryPoint\",\"urlTemplate\":\"https:\\\/\\\/foeckersperger.com\\\/es\\\/?s={search_term_string}\"},\"query-input\":{\"@type\":\"PropertyValueSpecification\",\"valueRequired\":true,\"valueName\":\"search_term_string\"}}],\"inLanguage\":\"de\"},{\"@type\":\"Organization\",\"@id\":\"https:\\\/\\\/foeckersperger.com\\\/es\\\/#organization\",\"name\":\"Frank F\u00f6ckersperger Rohr- und Kabelpflug\",\"url\":\"https:\\\/\\\/foeckersperger.com\\\/es\\\/\",\"logo\":{\"@type\":\"ImageObject\",\"inLanguage\":\"de\",\"@id\":\"https:\\\/\\\/foeckersperger.com\\\/es\\\/#\\\/schema\\\/logo\\\/image\\\/\",\"url\":\"https:\\\/\\\/foeckersperger.com\\\/wp-content\\\/uploads\\\/2023\\\/08\\\/Pfug_vor_Gebaeude2.jpg\",\"contentUrl\":\"https:\\\/\\\/foeckersperger.com\\\/wp-content\\\/uploads\\\/2023\\\/08\\\/Pfug_vor_Gebaeude2.jpg\",\"width\":1999,\"height\":1499,\"caption\":\"Frank F\u00f6ckersperger Rohr- und Kabelpflug\"},\"image\":{\"@id\":\"https:\\\/\\\/foeckersperger.com\\\/es\\\/#\\\/schema\\\/logo\\\/image\\\/\"},\"sameAs\":[\"https:\\\/\\\/www.facebook.com\\\/Kabelpflug\"]}]}<\/script>\n<!-- \/ Yoast SEO plugin. -->","yoast_head_json":{"title":"Impressum - Frank F\u00f6ckersperger Rohr- und Kabelpflug","robots":{"index":"index","follow":"follow","max-snippet":"max-snippet:-1","max-image-preview":"max-image-preview:large","max-video-preview":"max-video-preview:-1"},"canonical":"https:\/\/foeckersperger.com\/es\/impressum\/","og_locale":"de_DE","og_type":"article","og_title":"Impressum - Frank F\u00f6ckersperger Rohr- und Kabelpflug","og_description":"Aviso legal F\u00f6ckersperger Maschinen GmbH","og_url":"https:\/\/foeckersperger.com\/es\/impressum\/","og_site_name":"Frank F\u00f6ckersperger Rohr- und Kabelpflug","article_publisher":"https:\/\/www.facebook.com\/Kabelpflug","article_modified_time":"2025-08-22T10:53:41+00:00","twitter_card":"summary_large_image","twitter_misc":{"Gesch\u00e4tzte Lesezeit":"4\u00a0Minuten"},"schema":{"@context":"https:\/\/schema.org","@graph":[{"@type":"WebPage","@id":"https:\/\/foeckersperger.com\/es\/impressum\/","url":"https:\/\/foeckersperger.com\/es\/impressum\/","name":"Impressum - Frank F\u00f6ckersperger Rohr- und Kabelpflug","isPartOf":{"@id":"https:\/\/foeckersperger.com\/es\/#website"},"datePublished":"2020-09-30T11:29:21+00:00","dateModified":"2025-08-22T10:53:41+00:00","breadcrumb":{"@id":"https:\/\/foeckersperger.com\/es\/impressum\/#breadcrumb"},"inLanguage":"de","potentialAction":[{"@type":"ReadAction","target":["https:\/\/foeckersperger.com\/es\/impressum\/"]}]},{"@type":"BreadcrumbList","@id":"https:\/\/foeckersperger.com\/es\/impressum\/#breadcrumb","itemListElement":[{"@type":"ListItem","position":1,"name":"Startseite","item":"https:\/\/foeckersperger.com\/es\/"},{"@type":"ListItem","position":2,"name":"Impressum"}]},{"@type":"WebSite","@id":"https:\/\/foeckersperger.com\/es\/#website","url":"https:\/\/foeckersperger.com\/es\/","name":"Frank F\u00f6ckersperger Rohr- und Kabelpflug","description":"","publisher":{"@id":"https:\/\/foeckersperger.com\/es\/#organization"},"potentialAction":[{"@type":"SearchAction","target":{"@type":"EntryPoint","urlTemplate":"https:\/\/foeckersperger.com\/es\/?s={search_term_string}"},"query-input":{"@type":"PropertyValueSpecification","valueRequired":true,"valueName":"search_term_string"}}],"inLanguage":"de"},{"@type":"Organization","@id":"https:\/\/foeckersperger.com\/es\/#organization","name":"Frank F\u00f6ckersperger Rohr- und Kabelpflug","url":"https:\/\/foeckersperger.com\/es\/","logo":{"@type":"ImageObject","inLanguage":"de","@id":"https:\/\/foeckersperger.com\/es\/#\/schema\/logo\/image\/","url":"https:\/\/foeckersperger.com\/wp-content\/uploads\/2023\/08\/Pfug_vor_Gebaeude2.jpg","contentUrl":"https:\/\/foeckersperger.com\/wp-content\/uploads\/2023\/08\/Pfug_vor_Gebaeude2.jpg","width":1999,"height":1499,"caption":"Frank F\u00f6ckersperger Rohr- und Kabelpflug"},"image":{"@id":"https:\/\/foeckersperger.com\/es\/#\/schema\/logo\/image\/"},"sameAs":["https:\/\/www.facebook.com\/Kabelpflug"]}]}},"_links":{"self":[{"href":"https:\/\/foeckersperger.com\/es\/wp-json\/wp\/v2\/pages\/6195","targetHints":{"allow":["GET"]}}],"collection":[{"href":"https:\/\/foeckersperger.com\/es\/wp-json\/wp\/v2\/pages"}],"about":[{"href":"https:\/\/foeckersperger.com\/es\/wp-json\/wp\/v2\/types\/page"}],"author":[{"embeddable":true,"href":"https:\/\/foeckersperger.com\/es\/wp-json\/wp\/v2\/users\/1"}],"replies":[{"embeddable":true,"href":"https:\/\/foeckersperger.com\/es\/wp-json\/wp\/v2\/comments?post=6195"}],"version-history":[{"count":6,"href":"https:\/\/foeckersperger.com\/es\/wp-json\/wp\/v2\/pages\/6195\/revisions"}],"predecessor-version":[{"id":11288,"href":"https:\/\/foeckersperger.com\/es\/wp-json\/wp\/v2\/pages\/6195\/revisions\/11288"}],"wp:attachment":[{"href":"https:\/\/foeckersperger.com\/es\/wp-json\/wp\/v2\/media?parent=6195"}],"curies":[{"name":"wp","href":"https:\/\/api.w.org\/{rel}","templated":true}]}}