{"id":5729,"date":"2020-09-23T10:18:44","date_gmt":"2020-09-23T08:18:44","guid":{"rendered":"https:\/\/ff-design1.website-preview.org\/?page_id=5729"},"modified":"2026-05-05T11:31:35","modified_gmt":"2026-05-05T09:31:35","slug":"unternehmen-frank-foeckersperger-gmbh","status":"publish","type":"page","link":"https:\/\/foeckersperger.com\/es\/unternehmen-frank-foeckersperger-gmbh\/","title":{"rendered":"Chronik"},"content":{"rendered":"\t\t<div data-elementor-type=\"wp-page\" data-elementor-id=\"5729\" class=\"elementor elementor-5729\" data-elementor-post-type=\"page\">\n\t\t\t\t\t\t<section class=\"elementor-section elementor-top-section elementor-element elementor-element-73542441 elementor-section-height-min-height elementor-section-content-middle elementor-section-boxed elementor-section-height-default elementor-section-items-middle\" data-id=\"73542441\" data-element_type=\"section\" data-e-type=\"section\" data-settings=\"{&quot;background_background&quot;:&quot;classic&quot;}\">\n\t\t\t\t\t\t\t<div class=\"elementor-background-overlay\"><\/div>\n\t\t\t\t\t\t\t<div class=\"elementor-container elementor-column-gap-default\">\n\t\t\t\t\t<div class=\"elementor-column elementor-col-100 elementor-top-column elementor-element elementor-element-6082e485\" data-id=\"6082e485\" data-element_type=\"column\" data-e-type=\"column\">\n\t\t\t<div class=\"elementor-widget-wrap\">\n\t\t\t\t\t\t\t<\/div>\n\t\t<\/div>\n\t\t\t\t\t<\/div>\n\t\t<\/section>\n\t\t\t\t<section class=\"elementor-section elementor-top-section elementor-element elementor-element-0411f53 elementor-section-boxed elementor-section-height-default elementor-section-height-default\" data-id=\"0411f53\" data-element_type=\"section\" data-e-type=\"section\" data-settings=\"{&quot;background_background&quot;:&quot;classic&quot;}\">\n\t\t\t\t\t\t<div class=\"elementor-container elementor-column-gap-default\">\n\t\t\t\t\t<div class=\"elementor-column elementor-col-100 elementor-top-column elementor-element elementor-element-566622b\" data-id=\"566622b\" data-element_type=\"column\" data-e-type=\"column\">\n\t\t\t<div class=\"elementor-widget-wrap elementor-element-populated\">\n\t\t\t\t\t\t<section class=\"elementor-section elementor-inner-section elementor-element elementor-element-60304ca elementor-section-boxed elementor-section-height-default elementor-section-height-default\" data-id=\"60304ca\" data-element_type=\"section\" data-e-type=\"section\">\n\t\t\t\t\t\t<div class=\"elementor-container elementor-column-gap-default\">\n\t\t\t\t\t<div class=\"elementor-column elementor-col-50 elementor-inner-column elementor-element elementor-element-5c03762\" data-id=\"5c03762\" data-element_type=\"column\" data-e-type=\"column\">\n\t\t\t<div class=\"elementor-widget-wrap elementor-element-populated\">\n\t\t\t\t\t\t<div class=\"elementor-element elementor-element-fb2b132 elementor-widget elementor-widget-heading\" data-id=\"fb2b132\" data-element_type=\"widget\" data-e-type=\"widget\" data-widget_type=\"heading.default\">\n\t\t\t\t<div class=\"elementor-widget-container\">\n\t\t\t\t\t<h1 class=\"elementor-heading-title elementor-size-default\">Experiencia e innovaci\u00f3n desde hace generaciones.<\/h1>\t\t\t\t<\/div>\n\t\t\t\t<\/div>\n\t\t\t\t<div class=\"elementor-element elementor-element-3aaf7d4 elementor-widget elementor-widget-text-editor\" data-id=\"3aaf7d4\" data-element_type=\"widget\" data-e-type=\"widget\" data-widget_type=\"text-editor.default\">\n\t\t\t\t<div class=\"elementor-widget-container\">\n\t\t\t\t\t\t\t\t\t<p><strong>1865<\/strong> Johann Heinrich M\u00fcller funda en M\u00fcnchaurach una empresa dedicada a la reparaci\u00f3n de molinos.<\/p><p><strong>1970<\/strong> Georg F\u00f6ckersperger comienza con el desarrollo, el dise\u00f1o y la fabricaci\u00f3n de arados para cables, arados para tubos y m\u00e1quinas de tracci\u00f3n con cabrestante.<\/p><p><strong>1988<\/strong> Introducci\u00f3n de la tecnolog\u00eda CNC. Inicio de una nueva \u00e1rea orientada al futuro: Fabricaci\u00f3n de piezas de precisi\u00f3n para nuestras propias m\u00e1quinas, para la industria y las carreras.<\/p><p><strong>2005<\/strong> Debido al relevo generacional, Georg F\u00f6ckersperger GmbH pasa a ser G\u00fcnter F\u00f6ckersperger GmbH para el \u00e1rea de fabricaci\u00f3n CNC y Frank F\u00f6ckersperger GmbH para el \u00e1rea de arados para cables.<\/p><p><strong>2008<\/strong> Fundaci\u00f3n de la filial F\u00f6ckersperger Maschinen GmbH.<\/p><p><strong>2011<\/strong> Presentaci\u00f3n del nuevo cami\u00f3n con cabrestante F780 y el nuevo sistema de arado para tubos y cables Spider F220.<\/p><p><strong>2014<\/strong> Desarrollo del Spider F250, el arado para tubos y cables m\u00e1s grande y potente.<\/p><p><strong>2015<\/strong> Celebraci\u00f3n de los 150 a\u00f1os de la empresa.<\/p><p><strong>2016<\/strong> Presentaci\u00f3n del nuevo arado vibratorio Viper V225 orugas y el nuevo cami\u00f3n con cabrestante F480.<\/p><p><strong>2018<\/strong> Desarrollo del arado para alta tensi\u00f3n MFP3 para l\u00edneas de corriente alterna de 380 kV.<\/p><p><strong>2019<\/strong> Presentaci\u00f3n del nuevo arado vibratorio Viper V225 con ruedas.<\/p><p><strong>2021<\/strong> Finalizaci\u00f3n del proyecto de investigaci\u00f3n de m\u00e1s de tres a\u00f1os sobre el tema: &#8222;Tecnolog\u00eda de arado de cables m\u00ednimamente invasiva y respetuosa con el suelo para la instalaci\u00f3n paralela en haces de cables de muy alta tensi\u00f3n&#8220;, en colaboraci\u00f3n con el Ministerio Federal de Econom\u00eda y Protecci\u00f3n del Clima.<\/p><p><strong>2023<\/strong> Primer uso oficial del arado de cables para el tendido subterr\u00e1neo de l\u00edneas de muy alta tensi\u00f3n.<\/p><p><strong>2024<\/strong> Desarrollo de la \u00faltima generaci\u00f3n del arado para tuber\u00edas y cables Spider, el m\u00e1s potente y vers\u00e1til.<\/p>\t\t\t\t\t\t\t\t<\/div>\n\t\t\t\t<\/div>\n\t\t\t\t\t<\/div>\n\t\t<\/div>\n\t\t\t\t<div class=\"elementor-column elementor-col-50 elementor-inner-column elementor-element elementor-element-72abeb4\" data-id=\"72abeb4\" data-element_type=\"column\" data-e-type=\"column\">\n\t\t\t<div class=\"elementor-widget-wrap elementor-element-populated\">\n\t\t\t\t\t\t<div class=\"elementor-element elementor-element-9d6742f elementor-widget elementor-widget-image\" data-id=\"9d6742f\" data-element_type=\"widget\" data-e-type=\"widget\" data-widget_type=\"image.default\">\n\t\t\t\t<div class=\"elementor-widget-container\">\n\t\t\t\t\t\t\t\t\t\t\t\t\t\t\t\t<a href=\"https:\/\/kabelpflug.de\/wp-content\/uploads\/2020\/09\/Foeckersperger-Erfahrung-und-Innovation-seit-Generationen.jpg\" data-elementor-open-lightbox=\"yes\" data-elementor-lightbox-title=\"Foeckersperger-Erfahrung-und-Innovation-seit-Generationen\" data-e-action-hash=\"#elementor-action%3Aaction%3Dlightbox%26settings%3DeyJpZCI6NTc0MCwidXJsIjoiaHR0cHM6XC9cL2ZvZWNrZXJzcGVyZ2VyLmNvbVwvZXNcL3dwLWNvbnRlbnRcL3VwbG9hZHNcLzIwMjBcLzA5XC9Gb2Vja2Vyc3Blcmdlci1FcmZhaHJ1bmctdW5kLUlubm92YXRpb24tc2VpdC1HZW5lcmF0aW9uZW4uanBnIn0%3D\">\n\t\t\t\t\t\t\t<img fetchpriority=\"high\" decoding=\"async\" width=\"749\" height=\"521\" src=\"https:\/\/foeckersperger.com\/es\/wp-content\/uploads\/2020\/09\/Foeckersperger-Erfahrung-und-Innovation-seit-Generationen.jpg\" class=\"attachment-large size-large wp-image-5740\" alt=\"\" srcset=\"https:\/\/foeckersperger.com\/es\/wp-content\/uploads\/2020\/09\/Foeckersperger-Erfahrung-und-Innovation-seit-Generationen.jpg 749w, https:\/\/foeckersperger.com\/es\/wp-content\/uploads\/2020\/09\/Foeckersperger-Erfahrung-und-Innovation-seit-Generationen-300x209.jpg 300w\" sizes=\"(max-width: 749px) 100vw, 749px\" \/>\t\t\t\t\t\t\t\t<\/a>\n\t\t\t\t\t\t\t\t\t\t\t\t\t\t\t<\/div>\n\t\t\t\t<\/div>\n\t\t\t\t\t<\/div>\n\t\t<\/div>\n\t\t\t\t\t<\/div>\n\t\t<\/section>\n\t\t\t\t<section class=\"elementor-section elementor-inner-section elementor-element elementor-element-f4c6c52 elementor-section-boxed elementor-section-height-default elementor-section-height-default\" data-id=\"f4c6c52\" data-element_type=\"section\" data-e-type=\"section\" data-settings=\"{&quot;background_background&quot;:&quot;classic&quot;}\">\n\t\t\t\t\t\t<div class=\"elementor-container elementor-column-gap-default\">\n\t\t\t\t\t<div class=\"elementor-column elementor-col-100 elementor-inner-column elementor-element elementor-element-43514c8\" data-id=\"43514c8\" data-element_type=\"column\" data-e-type=\"column\">\n\t\t\t<div class=\"elementor-widget-wrap\">\n\t\t\t\t\t\t\t<\/div>\n\t\t<\/div>\n\t\t\t\t\t<\/div>\n\t\t<\/section>\n\t\t\t\t\t<\/div>\n\t\t<\/div>\n\t\t\t\t\t<\/div>\n\t\t<\/section>\n\t\t\t\t<\/div>\n\t\t","protected":false},"excerpt":{"rendered":"<p>Experiencia e innovaci\u00f3n desde hace generaciones. 1865 Johann Heinrich M\u00fcller funda en M\u00fcnchaurach una empresa dedicada a la reparaci\u00f3n de molinos. 1970 Georg F\u00f6ckersperger comienza con el desarrollo, el dise\u00f1o y la fabricaci\u00f3n de arados para cables, arados para tubos y m\u00e1quinas de tracci\u00f3n con cabrestante. 1988 Introducci\u00f3n de la tecnolog\u00eda CNC. Inicio de una [&hellip;]<\/p>\n","protected":false},"author":1,"featured_media":0,"parent":0,"menu_order":0,"comment_status":"closed","ping_status":"closed","template":"","meta":{"inline_featured_image":false,"footnotes":""},"class_list":["post-5729","page","type-page","status-publish","hentry"],"yoast_head":"<!-- This site is optimized with the Yoast SEO plugin v27.6 - https:\/\/yoast.com\/product\/yoast-seo-wordpress\/ -->\n<title>Chronik - Frank F\u00f6ckersperger Rohr- und Kabelpflug<\/title>\n<meta name=\"description\" content=\"Chronik der F\u00f6ckersperger Maschinen GmbH\" \/>\n<meta name=\"robots\" content=\"index, follow, max-snippet:-1, max-image-preview:large, max-video-preview:-1\" \/>\n<link rel=\"canonical\" href=\"https:\/\/foeckersperger.com\/es\/unternehmen-frank-foeckersperger-gmbh\/\" \/>\n<meta property=\"og:locale\" content=\"de_DE\" \/>\n<meta property=\"og:type\" content=\"article\" \/>\n<meta property=\"og:title\" content=\"Chronik - Frank F\u00f6ckersperger Rohr- und Kabelpflug\" \/>\n<meta property=\"og:description\" content=\"Chronik der F\u00f6ckersperger Maschinen GmbH\" \/>\n<meta property=\"og:url\" content=\"https:\/\/foeckersperger.com\/es\/unternehmen-frank-foeckersperger-gmbh\/\" \/>\n<meta property=\"og:site_name\" content=\"Frank F\u00f6ckersperger Rohr- und Kabelpflug\" \/>\n<meta property=\"article:publisher\" content=\"https:\/\/www.facebook.com\/Kabelpflug\" \/>\n<meta property=\"article:modified_time\" content=\"2026-05-05T09:31:35+00:00\" \/>\n<meta property=\"og:image\" content=\"https:\/\/sp-kabelpflug.website-preview.org\/wp-content\/uploads\/2020\/09\/Foeckersperger-Erfahrung-und-Innovation-seit-Generationen.jpg\" \/>\n<meta name=\"twitter:card\" content=\"summary_large_image\" \/>\n<meta name=\"twitter:label1\" content=\"Gesch\u00e4tzte Lesezeit\" \/>\n\t<meta name=\"twitter:data1\" content=\"2\u00a0Minuten\" \/>\n<script type=\"application\/ld+json\" class=\"yoast-schema-graph\">{\"@context\":\"https:\\\/\\\/schema.org\",\"@graph\":[{\"@type\":\"WebPage\",\"@id\":\"https:\\\/\\\/foeckersperger.com\\\/es\\\/unternehmen-frank-foeckersperger-gmbh\\\/\",\"url\":\"https:\\\/\\\/foeckersperger.com\\\/es\\\/unternehmen-frank-foeckersperger-gmbh\\\/\",\"name\":\"Chronik - Frank F\u00f6ckersperger Rohr- und Kabelpflug\",\"isPartOf\":{\"@id\":\"https:\\\/\\\/foeckersperger.com\\\/es\\\/#website\"},\"primaryImageOfPage\":{\"@id\":\"https:\\\/\\\/foeckersperger.com\\\/es\\\/unternehmen-frank-foeckersperger-gmbh\\\/#primaryimage\"},\"image\":{\"@id\":\"https:\\\/\\\/foeckersperger.com\\\/es\\\/unternehmen-frank-foeckersperger-gmbh\\\/#primaryimage\"},\"thumbnailUrl\":\"https:\\\/\\\/sp-kabelpflug.website-preview.org\\\/wp-content\\\/uploads\\\/2020\\\/09\\\/Foeckersperger-Erfahrung-und-Innovation-seit-Generationen.jpg\",\"datePublished\":\"2020-09-23T08:18:44+00:00\",\"dateModified\":\"2026-05-05T09:31:35+00:00\",\"description\":\"Chronik der F\u00f6ckersperger Maschinen GmbH\",\"breadcrumb\":{\"@id\":\"https:\\\/\\\/foeckersperger.com\\\/es\\\/unternehmen-frank-foeckersperger-gmbh\\\/#breadcrumb\"},\"inLanguage\":\"de\",\"potentialAction\":[{\"@type\":\"ReadAction\",\"target\":[\"https:\\\/\\\/foeckersperger.com\\\/es\\\/unternehmen-frank-foeckersperger-gmbh\\\/\"]}]},{\"@type\":\"ImageObject\",\"inLanguage\":\"de\",\"@id\":\"https:\\\/\\\/foeckersperger.com\\\/es\\\/unternehmen-frank-foeckersperger-gmbh\\\/#primaryimage\",\"url\":\"https:\\\/\\\/sp-kabelpflug.website-preview.org\\\/wp-content\\\/uploads\\\/2020\\\/09\\\/Foeckersperger-Erfahrung-und-Innovation-seit-Generationen.jpg\",\"contentUrl\":\"https:\\\/\\\/sp-kabelpflug.website-preview.org\\\/wp-content\\\/uploads\\\/2020\\\/09\\\/Foeckersperger-Erfahrung-und-Innovation-seit-Generationen.jpg\"},{\"@type\":\"BreadcrumbList\",\"@id\":\"https:\\\/\\\/foeckersperger.com\\\/es\\\/unternehmen-frank-foeckersperger-gmbh\\\/#breadcrumb\",\"itemListElement\":[{\"@type\":\"ListItem\",\"position\":1,\"name\":\"Startseite\",\"item\":\"https:\\\/\\\/foeckersperger.com\\\/es\\\/\"},{\"@type\":\"ListItem\",\"position\":2,\"name\":\"Chronik\"}]},{\"@type\":\"WebSite\",\"@id\":\"https:\\\/\\\/foeckersperger.com\\\/es\\\/#website\",\"url\":\"https:\\\/\\\/foeckersperger.com\\\/es\\\/\",\"name\":\"Frank F\u00f6ckersperger Rohr- und Kabelpflug\",\"description\":\"\",\"publisher\":{\"@id\":\"https:\\\/\\\/foeckersperger.com\\\/es\\\/#organization\"},\"potentialAction\":[{\"@type\":\"SearchAction\",\"target\":{\"@type\":\"EntryPoint\",\"urlTemplate\":\"https:\\\/\\\/foeckersperger.com\\\/es\\\/?s={search_term_string}\"},\"query-input\":{\"@type\":\"PropertyValueSpecification\",\"valueRequired\":true,\"valueName\":\"search_term_string\"}}],\"inLanguage\":\"de\"},{\"@type\":\"Organization\",\"@id\":\"https:\\\/\\\/foeckersperger.com\\\/es\\\/#organization\",\"name\":\"Frank F\u00f6ckersperger Rohr- und Kabelpflug\",\"url\":\"https:\\\/\\\/foeckersperger.com\\\/es\\\/\",\"logo\":{\"@type\":\"ImageObject\",\"inLanguage\":\"de\",\"@id\":\"https:\\\/\\\/foeckersperger.com\\\/es\\\/#\\\/schema\\\/logo\\\/image\\\/\",\"url\":\"https:\\\/\\\/foeckersperger.com\\\/wp-content\\\/uploads\\\/2023\\\/08\\\/Pfug_vor_Gebaeude2.jpg\",\"contentUrl\":\"https:\\\/\\\/foeckersperger.com\\\/wp-content\\\/uploads\\\/2023\\\/08\\\/Pfug_vor_Gebaeude2.jpg\",\"width\":1999,\"height\":1499,\"caption\":\"Frank F\u00f6ckersperger Rohr- und Kabelpflug\"},\"image\":{\"@id\":\"https:\\\/\\\/foeckersperger.com\\\/es\\\/#\\\/schema\\\/logo\\\/image\\\/\"},\"sameAs\":[\"https:\\\/\\\/www.facebook.com\\\/Kabelpflug\"]}]}<\/script>\n<!-- \/ Yoast SEO plugin. -->","yoast_head_json":{"title":"Chronik - Frank F\u00f6ckersperger Rohr- und Kabelpflug","description":"Chronik der F\u00f6ckersperger Maschinen GmbH","robots":{"index":"index","follow":"follow","max-snippet":"max-snippet:-1","max-image-preview":"max-image-preview:large","max-video-preview":"max-video-preview:-1"},"canonical":"https:\/\/foeckersperger.com\/es\/unternehmen-frank-foeckersperger-gmbh\/","og_locale":"de_DE","og_type":"article","og_title":"Chronik - Frank F\u00f6ckersperger Rohr- und Kabelpflug","og_description":"Chronik der F\u00f6ckersperger Maschinen GmbH","og_url":"https:\/\/foeckersperger.com\/es\/unternehmen-frank-foeckersperger-gmbh\/","og_site_name":"Frank F\u00f6ckersperger Rohr- und Kabelpflug","article_publisher":"https:\/\/www.facebook.com\/Kabelpflug","article_modified_time":"2026-05-05T09:31:35+00:00","og_image":[{"url":"https:\/\/sp-kabelpflug.website-preview.org\/wp-content\/uploads\/2020\/09\/Foeckersperger-Erfahrung-und-Innovation-seit-Generationen.jpg","type":"","width":"","height":""}],"twitter_card":"summary_large_image","twitter_misc":{"Gesch\u00e4tzte Lesezeit":"2\u00a0Minuten"},"schema":{"@context":"https:\/\/schema.org","@graph":[{"@type":"WebPage","@id":"https:\/\/foeckersperger.com\/es\/unternehmen-frank-foeckersperger-gmbh\/","url":"https:\/\/foeckersperger.com\/es\/unternehmen-frank-foeckersperger-gmbh\/","name":"Chronik - Frank F\u00f6ckersperger Rohr- und Kabelpflug","isPartOf":{"@id":"https:\/\/foeckersperger.com\/es\/#website"},"primaryImageOfPage":{"@id":"https:\/\/foeckersperger.com\/es\/unternehmen-frank-foeckersperger-gmbh\/#primaryimage"},"image":{"@id":"https:\/\/foeckersperger.com\/es\/unternehmen-frank-foeckersperger-gmbh\/#primaryimage"},"thumbnailUrl":"https:\/\/sp-kabelpflug.website-preview.org\/wp-content\/uploads\/2020\/09\/Foeckersperger-Erfahrung-und-Innovation-seit-Generationen.jpg","datePublished":"2020-09-23T08:18:44+00:00","dateModified":"2026-05-05T09:31:35+00:00","description":"Chronik der F\u00f6ckersperger Maschinen GmbH","breadcrumb":{"@id":"https:\/\/foeckersperger.com\/es\/unternehmen-frank-foeckersperger-gmbh\/#breadcrumb"},"inLanguage":"de","potentialAction":[{"@type":"ReadAction","target":["https:\/\/foeckersperger.com\/es\/unternehmen-frank-foeckersperger-gmbh\/"]}]},{"@type":"ImageObject","inLanguage":"de","@id":"https:\/\/foeckersperger.com\/es\/unternehmen-frank-foeckersperger-gmbh\/#primaryimage","url":"https:\/\/sp-kabelpflug.website-preview.org\/wp-content\/uploads\/2020\/09\/Foeckersperger-Erfahrung-und-Innovation-seit-Generationen.jpg","contentUrl":"https:\/\/sp-kabelpflug.website-preview.org\/wp-content\/uploads\/2020\/09\/Foeckersperger-Erfahrung-und-Innovation-seit-Generationen.jpg"},{"@type":"BreadcrumbList","@id":"https:\/\/foeckersperger.com\/es\/unternehmen-frank-foeckersperger-gmbh\/#breadcrumb","itemListElement":[{"@type":"ListItem","position":1,"name":"Startseite","item":"https:\/\/foeckersperger.com\/es\/"},{"@type":"ListItem","position":2,"name":"Chronik"}]},{"@type":"WebSite","@id":"https:\/\/foeckersperger.com\/es\/#website","url":"https:\/\/foeckersperger.com\/es\/","name":"Frank F\u00f6ckersperger Rohr- und Kabelpflug","description":"","publisher":{"@id":"https:\/\/foeckersperger.com\/es\/#organization"},"potentialAction":[{"@type":"SearchAction","target":{"@type":"EntryPoint","urlTemplate":"https:\/\/foeckersperger.com\/es\/?s={search_term_string}"},"query-input":{"@type":"PropertyValueSpecification","valueRequired":true,"valueName":"search_term_string"}}],"inLanguage":"de"},{"@type":"Organization","@id":"https:\/\/foeckersperger.com\/es\/#organization","name":"Frank F\u00f6ckersperger Rohr- und Kabelpflug","url":"https:\/\/foeckersperger.com\/es\/","logo":{"@type":"ImageObject","inLanguage":"de","@id":"https:\/\/foeckersperger.com\/es\/#\/schema\/logo\/image\/","url":"https:\/\/foeckersperger.com\/wp-content\/uploads\/2023\/08\/Pfug_vor_Gebaeude2.jpg","contentUrl":"https:\/\/foeckersperger.com\/wp-content\/uploads\/2023\/08\/Pfug_vor_Gebaeude2.jpg","width":1999,"height":1499,"caption":"Frank F\u00f6ckersperger Rohr- und Kabelpflug"},"image":{"@id":"https:\/\/foeckersperger.com\/es\/#\/schema\/logo\/image\/"},"sameAs":["https:\/\/www.facebook.com\/Kabelpflug"]}]}},"_links":{"self":[{"href":"https:\/\/foeckersperger.com\/es\/wp-json\/wp\/v2\/pages\/5729","targetHints":{"allow":["GET"]}}],"collection":[{"href":"https:\/\/foeckersperger.com\/es\/wp-json\/wp\/v2\/pages"}],"about":[{"href":"https:\/\/foeckersperger.com\/es\/wp-json\/wp\/v2\/types\/page"}],"author":[{"embeddable":true,"href":"https:\/\/foeckersperger.com\/es\/wp-json\/wp\/v2\/users\/1"}],"replies":[{"embeddable":true,"href":"https:\/\/foeckersperger.com\/es\/wp-json\/wp\/v2\/comments?post=5729"}],"version-history":[{"count":12,"href":"https:\/\/foeckersperger.com\/es\/wp-json\/wp\/v2\/pages\/5729\/revisions"}],"predecessor-version":[{"id":11402,"href":"https:\/\/foeckersperger.com\/es\/wp-json\/wp\/v2\/pages\/5729\/revisions\/11402"}],"wp:attachment":[{"href":"https:\/\/foeckersperger.com\/es\/wp-json\/wp\/v2\/media?parent=5729"}],"curies":[{"name":"wp","href":"https:\/\/api.w.org\/{rel}","templated":true}]}}